{"id":356718,"date":"2022-10-07T10:33:46","date_gmt":"2022-10-07T10:33:46","guid":{"rendered":"http:\/\/mbpschool.com\/google-fundamentos-individuales-por-demarcacion\/"},"modified":"2022-10-12T11:27:03","modified_gmt":"2022-10-12T11:27:03","slug":"google-fundamentos-individuales-por-demarcacion","status":"publish","type":"page","link":"https:\/\/mbpschool.com\/en\/individual-fundamentals-per-position-specialist-online-google\/","title":{"rendered":"Google &#8211; Fundamentos individuales por demarcaci\u00f3n"},"content":{"rendered":"\t\t<div data-elementor-type=\"wp-page\" data-elementor-id=\"356718\" class=\"elementor elementor-356718 elementor-356203\" data-elementor-post-type=\"page\">\n\t\t\t\t\t\t<section class=\"elementor-section elementor-top-section elementor-element elementor-element-1273f442 elementor-section-boxed elementor-section-height-default elementor-section-height-default\" data-id=\"1273f442\" data-element_type=\"section\" data-e-type=\"section\">\n\t\t\t\t\t\t<div class=\"elementor-container elementor-column-gap-default\">\n\t\t\t\t\t<div class=\"elementor-column elementor-col-100 elementor-top-column elementor-element elementor-element-17fff5b7\" data-id=\"17fff5b7\" data-element_type=\"column\" data-e-type=\"column\">\n\t\t\t<div class=\"elementor-widget-wrap\">\n\t\t\t\t\t\t\t<\/div>\n\t\t<\/div>\n\t\t\t\t\t<\/div>\n\t\t<\/section>\n\t\t\t\t<section class=\"elementor-section elementor-top-section elementor-element elementor-element-42c74df elementor-section-boxed elementor-section-height-default elementor-section-height-default\" data-id=\"42c74df\" data-element_type=\"section\" data-e-type=\"section\" data-settings=\"{&quot;background_background&quot;:&quot;classic&quot;}\">\n\t\t\t\t\t\t<div class=\"elementor-container elementor-column-gap-default\">\n\t\t\t\t\t<div class=\"elementor-column elementor-col-50 elementor-top-column elementor-element elementor-element-14c4062\" data-id=\"14c4062\" data-element_type=\"column\" data-e-type=\"column\">\n\t\t\t<div class=\"elementor-widget-wrap elementor-element-populated\">\n\t\t\t\t\t\t<div class=\"elementor-element elementor-element-2a00b8f elementor-widget elementor-widget-heading\" data-id=\"2a00b8f\" data-element_type=\"widget\" data-e-type=\"widget\" data-widget_type=\"heading.default\">\n\t\t\t\t<div class=\"elementor-widget-container\">\n\t\t\t\t\t<h2 class=\"elementor-heading-title elementor-size-default\"><a href=\"#\"><b>MBP<\/b> SCHOOL OF COACHES<\/a><\/h2>\t\t\t\t<\/div>\n\t\t\t\t<\/div>\n\t\t\t\t\t<\/div>\n\t\t<\/div>\n\t\t\t\t<div class=\"elementor-column elementor-col-50 elementor-top-column elementor-element elementor-element-535ee6d\" data-id=\"535ee6d\" data-element_type=\"column\" data-e-type=\"column\">\n\t\t\t<div class=\"elementor-widget-wrap\">\n\t\t\t\t\t\t\t<\/div>\n\t\t<\/div>\n\t\t\t\t\t<\/div>\n\t\t<\/section>\n\t\t\t\t<section class=\"elementor-section elementor-top-section elementor-element elementor-element-87f00a1 elementor-section-height-min-height elementor-section-content-top elementor-section-items-top elementor-reverse-tablet elementor-reverse-mobile elementor-section-boxed elementor-section-height-default\" data-id=\"87f00a1\" data-element_type=\"section\" data-e-type=\"section\" data-settings=\"{&quot;background_background&quot;:&quot;classic&quot;}\">\n\t\t\t\t\t\t\t<div class=\"elementor-background-overlay\"><\/div>\n\t\t\t\t\t\t\t<div class=\"elementor-container elementor-column-gap-default\">\n\t\t\t\t\t<div class=\"elementor-column elementor-col-50 elementor-top-column elementor-element elementor-element-b6f2a2f\" data-id=\"b6f2a2f\" data-element_type=\"column\" data-e-type=\"column\" data-settings=\"{&quot;background_background&quot;:&quot;classic&quot;}\">\n\t\t\t<div class=\"elementor-widget-wrap elementor-element-populated\">\n\t\t\t\t\t\t<div class=\"elementor-element elementor-element-921bfbd elementor-widget elementor-widget-heading\" data-id=\"921bfbd\" data-element_type=\"widget\" data-e-type=\"widget\" data-widget_type=\"heading.default\">\n\t\t\t\t<div class=\"elementor-widget-container\">\n\t\t\t\t\t<h3 class=\"elementor-heading-title elementor-size-default\">REQUEST YOUR FREE TRIAL CLASS HERE!<\/h3>\t\t\t\t<\/div>\n\t\t\t\t<\/div>\n\t\t\t\t<div class=\"elementor-element elementor-element-45a53e9 elementor-widget elementor-widget-shortcode\" data-id=\"45a53e9\" data-element_type=\"widget\" data-e-type=\"widget\" data-widget_type=\"shortcode.default\">\n\t\t\t\t<div class=\"elementor-widget-container\">\n\t\t\t\t\t\t\t<div class=\"elementor-shortcode\"><div class=\"_form_423\"><\/div><script src=\"https:\/\/sportnetworking.activehosted.com\/f\/embed.php?id=423\" type=\"text\/javascript\" charset=\"utf-8\"><\/script><\/div>\n\t\t\t\t\t\t<\/div>\n\t\t\t\t<\/div>\n\t\t\t\t\t<\/div>\n\t\t<\/div>\n\t\t\t\t<div class=\"elementor-column elementor-col-50 elementor-top-column elementor-element elementor-element-b4312ae\" data-id=\"b4312ae\" data-element_type=\"column\" data-e-type=\"column\">\n\t\t\t<div class=\"elementor-widget-wrap elementor-element-populated\">\n\t\t\t\t\t\t<div class=\"elementor-element elementor-element-2d1a463 elementor-widget elementor-widget-heading\" data-id=\"2d1a463\" data-element_type=\"widget\" data-e-type=\"widget\" data-widget_type=\"heading.default\">\n\t\t\t\t<div class=\"elementor-widget-container\">\n\t\t\t\t\t<h2 class=\"elementor-heading-title elementor-size-default\">SPECIALIST IN INDIVIDUAL FUNDAMENTALS PER POSITION<\/h2>\t\t\t\t<\/div>\n\t\t\t\t<\/div>\n\t\t\t\t<div class=\"elementor-element elementor-element-cbc7543 elementor-widget elementor-widget-video\" data-id=\"cbc7543\" data-element_type=\"widget\" data-e-type=\"widget\" data-settings=\"{&quot;youtube_url&quot;:&quot;https:\\\/\\\/www.youtube.com\\\/watch?v=wHAAEpaGKho&quot;,&quot;video_type&quot;:&quot;youtube&quot;,&quot;controls&quot;:&quot;yes&quot;}\" data-widget_type=\"video.default\">\n\t\t\t\t<div class=\"elementor-widget-container\">\n\t\t\t\t\t\t\t<div class=\"elementor-wrapper elementor-open-inline\">\n\t\t\t<div class=\"elementor-video\"><\/div>\t\t<\/div>\n\t\t\t\t\t\t<\/div>\n\t\t\t\t<\/div>\n\t\t\t\t<div class=\"elementor-element elementor-element-7fde98a elementor-widget elementor-widget-heading\" data-id=\"7fde98a\" data-element_type=\"widget\" data-e-type=\"widget\" data-widget_type=\"heading.default\">\n\t\t\t\t<div class=\"elementor-widget-container\">\n\t\t\t\t\t<h2 class=\"elementor-heading-title elementor-size-default\">TRIAL CLASS\u200b<\/h2>\t\t\t\t<\/div>\n\t\t\t\t<\/div>\n\t\t\t\t<div class=\"elementor-element elementor-element-00dd693 elementor-widget elementor-widget-text-editor\" data-id=\"00dd693\" data-element_type=\"widget\" data-e-type=\"widget\" data-widget_type=\"text-editor.default\">\n\t\t\t\t<div class=\"elementor-widget-container\">\n\t\t\t\t\t\t\t\t\t<p>Would you like to better understand the game to enhance the individual performance of your players? In this course we analyze more than 90 Individual Fundamentals per Position, so that you obtain the necessary tools to improve your players and the team.<\/p><p>Once these situations are detected in the game, we study which are the optimal responses that give players the best chance of success.<\/p>\t\t\t\t\t\t\t\t<\/div>\n\t\t\t\t<\/div>\n\t\t\t\t\t<\/div>\n\t\t<\/div>\n\t\t\t\t\t<\/div>\n\t\t<\/section>\n\t\t\t\t<section class=\"elementor-section elementor-top-section elementor-element elementor-element-ccf70a6 elementor-section-height-min-height elementor-section-content-top elementor-section-items-top elementor-section-boxed elementor-section-height-default\" data-id=\"ccf70a6\" data-element_type=\"section\" data-e-type=\"section\" data-settings=\"{&quot;background_background&quot;:&quot;classic&quot;}\">\n\t\t\t\t\t\t\t<div class=\"elementor-background-overlay\"><\/div>\n\t\t\t\t\t\t\t<div class=\"elementor-container elementor-column-gap-default\">\n\t\t\t\t\t<div class=\"elementor-column elementor-col-50 elementor-top-column elementor-element elementor-element-1210f79\" data-id=\"1210f79\" data-element_type=\"column\" data-e-type=\"column\">\n\t\t\t<div class=\"elementor-widget-wrap elementor-element-populated\">\n\t\t\t\t\t\t<div class=\"elementor-element elementor-element-36c7d49 elementor-widget elementor-widget-heading\" data-id=\"36c7d49\" data-element_type=\"widget\" data-e-type=\"widget\" data-widget_type=\"heading.default\">\n\t\t\t\t<div class=\"elementor-widget-container\">\n\t\t\t\t\t<h2 class=\"elementor-heading-title elementor-size-default\">SPECIALIST IN INDIVIDUAL FUNDAMENTALS PER POSITION<\/h2>\t\t\t\t<\/div>\n\t\t\t\t<\/div>\n\t\t\t\t<div class=\"elementor-element elementor-element-d50520e elementor-widget elementor-widget-text-editor\" data-id=\"d50520e\" data-element_type=\"widget\" data-e-type=\"widget\" data-widget_type=\"text-editor.default\">\n\t\t\t\t<div class=\"elementor-widget-container\">\n\t\t\t\t\t\t\t\t\t<p>Would you like to get more information about the platform and the content of the course? You can fill the form and we will contact you soon to help you in anything you need.\u00a0<\/p><p>We are waiting for you!<\/p>\t\t\t\t\t\t\t\t<\/div>\n\t\t\t\t<\/div>\n\t\t\t\t<div class=\"elementor-element elementor-element-cad939a elementor-widget elementor-widget-image\" data-id=\"cad939a\" data-element_type=\"widget\" data-e-type=\"widget\" data-widget_type=\"image.default\">\n\t\t\t\t<div class=\"elementor-widget-container\">\n\t\t\t\t\t\t\t\t\t\t\t\t\t\t\t<img fetchpriority=\"high\" decoding=\"async\" width=\"1024\" height=\"683\" src=\"https:\/\/mbpschool.com\/wp-content\/uploads\/2022\/10\/FotoLandingFID-1024x683.jpg\" class=\"attachment-large size-large wp-image-355892\" alt=\"Fundamentos Individuales por Demarcaci\u00f3n\" srcset=\"https:\/\/mbpschool.com\/wp-content\/uploads\/2022\/10\/FotoLandingFID-1024x683.jpg 1024w, https:\/\/mbpschool.com\/wp-content\/uploads\/2022\/10\/FotoLandingFID-300x200.jpg 300w, https:\/\/mbpschool.com\/wp-content\/uploads\/2022\/10\/FotoLandingFID-768x512.jpg 768w, https:\/\/mbpschool.com\/wp-content\/uploads\/2022\/10\/FotoLandingFID-1536x1024.jpg 1536w, https:\/\/mbpschool.com\/wp-content\/uploads\/2022\/10\/FotoLandingFID-2048x1365.jpg 2048w, https:\/\/mbpschool.com\/wp-content\/uploads\/2022\/10\/FotoLandingFID-800x533.jpg 800w\" sizes=\"(max-width: 1024px) 100vw, 1024px\" title=\"\">\t\t\t\t\t\t\t\t\t\t\t\t\t\t\t<\/div>\n\t\t\t\t<\/div>\n\t\t\t\t\t<\/div>\n\t\t<\/div>\n\t\t\t\t<div class=\"elementor-column elementor-col-50 elementor-top-column elementor-element elementor-element-05a5d3a\" data-id=\"05a5d3a\" data-element_type=\"column\" data-e-type=\"column\" data-settings=\"{&quot;background_background&quot;:&quot;classic&quot;}\">\n\t\t\t<div class=\"elementor-widget-wrap elementor-element-populated\">\n\t\t\t\t\t\t<div class=\"elementor-element elementor-element-d434e22 elementor-widget elementor-widget-heading\" data-id=\"d434e22\" data-element_type=\"widget\" data-e-type=\"widget\" data-widget_type=\"heading.default\">\n\t\t\t\t<div class=\"elementor-widget-container\">\n\t\t\t\t\t<h3 class=\"elementor-heading-title elementor-size-default\">request<\/h3>\t\t\t\t<\/div>\n\t\t\t\t<\/div>\n\t\t\t\t<div class=\"elementor-element elementor-element-5e1a071 elementor-widget elementor-widget-heading\" data-id=\"5e1a071\" data-element_type=\"widget\" data-e-type=\"widget\" data-widget_type=\"heading.default\">\n\t\t\t\t<div class=\"elementor-widget-container\">\n\t\t\t\t\t<h2 class=\"elementor-heading-title elementor-size-default\">more information<\/h2>\t\t\t\t<\/div>\n\t\t\t\t<\/div>\n\t\t\t\t<div class=\"elementor-element elementor-element-070b8fe elementor-widget elementor-widget-shortcode\" data-id=\"070b8fe\" data-element_type=\"widget\" data-e-type=\"widget\" data-widget_type=\"shortcode.default\">\n\t\t\t\t<div class=\"elementor-widget-container\">\n\t\t\t\t\t\t\t<div class=\"elementor-shortcode\"><div class=\"_form_423\"><\/div><script src=\"https:\/\/sportnetworking.activehosted.com\/f\/embed.php?id=423\" type=\"text\/javascript\" charset=\"utf-8\"><\/script><\/div>\n\t\t\t\t\t\t<\/div>\n\t\t\t\t<\/div>\n\t\t\t\t\t<\/div>\n\t\t<\/div>\n\t\t\t\t\t<\/div>\n\t\t<\/section>\n\t\t\t\t<section class=\"elementor-section elementor-top-section elementor-element elementor-element-8f63d67 elementor-section-boxed elementor-section-height-default elementor-section-height-default\" data-id=\"8f63d67\" data-element_type=\"section\" data-e-type=\"section\" data-settings=\"{&quot;background_background&quot;:&quot;classic&quot;}\">\n\t\t\t\t\t\t<div class=\"elementor-container elementor-column-gap-default\">\n\t\t\t\t\t<div class=\"elementor-column elementor-col-100 elementor-top-column elementor-element elementor-element-6740621\" data-id=\"6740621\" data-element_type=\"column\" data-e-type=\"column\">\n\t\t\t<div class=\"elementor-widget-wrap elementor-element-populated\">\n\t\t\t\t\t\t<div class=\"elementor-element elementor-element-9f807ee elementor-widget elementor-widget-image\" data-id=\"9f807ee\" data-element_type=\"widget\" data-e-type=\"widget\" data-widget_type=\"image.default\">\n\t\t\t\t<div class=\"elementor-widget-container\">\n\t\t\t\t\t\t\t\t\t\t\t\t\t\t\t<img decoding=\"async\" width=\"170\" height=\"164\" src=\"https:\/\/mbpschool.com\/wp-content\/uploads\/2021\/04\/logofooter2.png\" class=\"attachment-large size-large wp-image-134040\" alt=\"\" title=\"\">\t\t\t\t\t\t\t\t\t\t\t\t\t\t\t<\/div>\n\t\t\t\t<\/div>\n\t\t\t\t<div class=\"elementor-element elementor-element-73aafb1 elementor-widget elementor-widget-text-editor\" data-id=\"73aafb1\" data-element_type=\"widget\" data-e-type=\"widget\" data-widget_type=\"text-editor.default\">\n\t\t\t\t<div class=\"elementor-widget-container\">\n\t\t\t\t\t\t\t\t\t<p>Av. Ar\u00edstides Maillol 9-11 (Bajos)<br \/>08028 Barcelona<br \/>info@mbpschool.com<br \/>+34 669 147 327<\/p>\t\t\t\t\t\t\t\t<\/div>\n\t\t\t\t<\/div>\n\t\t\t\t\t<\/div>\n\t\t<\/div>\n\t\t\t\t\t<\/div>\n\t\t<\/section>\n\t\t\t\t<section class=\"elementor-section elementor-top-section elementor-element elementor-element-b8e0cba elementor-section-boxed elementor-section-height-default elementor-section-height-default\" data-id=\"b8e0cba\" data-element_type=\"section\" data-e-type=\"section\" data-settings=\"{&quot;background_background&quot;:&quot;classic&quot;}\">\n\t\t\t\t\t\t<div class=\"elementor-container elementor-column-gap-default\">\n\t\t\t\t\t<div class=\"elementor-column elementor-col-100 elementor-top-column elementor-element elementor-element-d7f33c6\" data-id=\"d7f33c6\" data-element_type=\"column\" data-e-type=\"column\">\n\t\t\t<div class=\"elementor-widget-wrap elementor-element-populated\">\n\t\t\t\t\t\t<div class=\"elementor-element elementor-element-2156b69 elementor-widget elementor-widget-text-editor\" data-id=\"2156b69\" data-element_type=\"widget\" data-e-type=\"widget\" data-widget_type=\"text-editor.default\">\n\t\t\t\t<div class=\"elementor-widget-container\">\n\t\t\t\t\t\t\t\t\t<p>Proyecto impulsado por el programa eTrade de Acci\u00f3:<\/p>\t\t\t\t\t\t\t\t<\/div>\n\t\t\t\t<\/div>\n\t\t\t\t<div class=\"elementor-element elementor-element-ea70963 elementor-widget elementor-widget-image\" data-id=\"ea70963\" data-element_type=\"widget\" data-e-type=\"widget\" data-widget_type=\"image.default\">\n\t\t\t\t<div class=\"elementor-widget-container\">\n\t\t\t\t\t\t\t\t\t\t\t\t\t\t\t\t<a href=\"http:\/\/www.accio.gencat.cat\/etrade\" target=\"_blank\" rel=\"nofollow noopener\">\n\t\t\t\t\t\t\t<img decoding=\"async\" width=\"353\" height=\"81\" src=\"https:\/\/mbpschool.com\/wp-content\/uploads\/2021\/04\/Recurso-1.png\" class=\"attachment-large size-large wp-image-262665\" alt=\"\" srcset=\"https:\/\/mbpschool.com\/wp-content\/uploads\/2021\/04\/Recurso-1.png 353w, https:\/\/mbpschool.com\/wp-content\/uploads\/2021\/04\/Recurso-1-300x69.png 300w\" sizes=\"(max-width: 353px) 100vw, 353px\" title=\"\">\t\t\t\t\t\t\t\t<\/a>\n\t\t\t\t\t\t\t\t\t\t\t\t\t\t\t<\/div>\n\t\t\t\t<\/div>\n\t\t\t\t\t<\/div>\n\t\t<\/div>\n\t\t\t\t\t<\/div>\n\t\t<\/section>\n\t\t\t\t<section class=\"elementor-section elementor-top-section elementor-element elementor-element-401b4d5 elementor-section-boxed elementor-section-height-default elementor-section-height-default\" data-id=\"401b4d5\" data-element_type=\"section\" data-e-type=\"section\" data-settings=\"{&quot;background_background&quot;:&quot;classic&quot;}\">\n\t\t\t\t\t\t<div class=\"elementor-container elementor-column-gap-default\">\n\t\t\t\t\t<div class=\"elementor-column elementor-col-50 elementor-top-column elementor-element elementor-element-4f134c1\" data-id=\"4f134c1\" data-element_type=\"column\" data-e-type=\"column\">\n\t\t\t<div class=\"elementor-widget-wrap elementor-element-populated\">\n\t\t\t\t\t\t<div class=\"elementor-element elementor-element-87cf571 elementor-widget elementor-widget-text-editor\" data-id=\"87cf571\" data-element_type=\"widget\" data-e-type=\"widget\" data-widget_type=\"text-editor.default\">\n\t\t\t\t<div class=\"elementor-widget-container\">\n\t\t\t\t\t\t\t\t\t<p><span style=\"font-family: Montserrat, sans-serif; font-size: 12px; font-style: normal; font-variant-caps: normal;\">\u00a0<\/span><\/p><p><span style=\"font-family: Montserrat, sans-serif; font-size: 12px; font-style: normal; font-variant-caps: normal;\">Aquesta actuaci\u00f3 est\u00e0 impulsada i subvencionada pel Servei P\u00fablic d\u2019Ocupaci\u00f3 de Catalunya i finan\u00e7ada pel Fons Social Europeu com a part de la resposta de la Uni\u00f3 Europea a la pand\u00e8mia de COVID-19.<\/span><\/p>\t\t\t\t\t\t\t\t<\/div>\n\t\t\t\t<\/div>\n\t\t\t\t<div class=\"elementor-element elementor-element-69e7383 elementor-widget elementor-widget-image\" data-id=\"69e7383\" data-element_type=\"widget\" data-e-type=\"widget\" data-widget_type=\"image.default\">\n\t\t\t\t<div class=\"elementor-widget-container\">\n\t\t\t\t\t\t\t\t\t\t\t\t\t\t\t<img loading=\"lazy\" decoding=\"async\" width=\"698\" height=\"55\" src=\"https:\/\/mbpschool.com\/wp-content\/uploads\/2021\/04\/logos-2.jpg\" class=\"attachment-large size-large wp-image-311001\" alt=\"\" srcset=\"https:\/\/mbpschool.com\/wp-content\/uploads\/2021\/04\/logos-2.jpg 698w, https:\/\/mbpschool.com\/wp-content\/uploads\/2021\/04\/logos-2-300x24.jpg 300w\" sizes=\"(max-width: 698px) 100vw, 698px\" title=\"\">\t\t\t\t\t\t\t\t\t\t\t\t\t\t\t<\/div>\n\t\t\t\t<\/div>\n\t\t\t\t\t<\/div>\n\t\t<\/div>\n\t\t\t\t<div class=\"elementor-column elementor-col-50 elementor-top-column elementor-element elementor-element-bdafba4\" data-id=\"bdafba4\" data-element_type=\"column\" data-e-type=\"column\">\n\t\t\t<div class=\"elementor-widget-wrap elementor-element-populated\">\n\t\t\t\t\t\t<div class=\"elementor-element elementor-element-4ddcdd3 elementor-widget elementor-widget-text-editor\" data-id=\"4ddcdd3\" data-element_type=\"widget\" data-e-type=\"widget\" data-widget_type=\"text-editor.default\">\n\t\t\t\t<div class=\"elementor-widget-container\">\n\t\t\t\t\t\t\t\t\t<p><span style=\"font-family: Montserrat, sans-serif; font-size: 12px; font-style: normal; font-variant-caps: normal;\">Sport Networking Soccer Academy, SL ha sido beneficiaria del Fondo Europeo de Desarrollo Regional cuyo objetivo es mejorar la competitividad de las Pymes y gracias al cual ha puesto en marcha un Plan de Marketing Digital Internacional con el objetivo de mejorar su posicionamiento online en mercados exteriores durante el a\u00f1o 2022. Para ello ha contado con el apoyo del Programa XPANDE DIGITAL de la C\u00e1mara de Comercio de Barcelona.<\/span><\/p>\t\t\t\t\t\t\t\t<\/div>\n\t\t\t\t<\/div>\n\t\t\t\t<div class=\"elementor-element elementor-element-82e360e elementor-widget elementor-widget-image\" data-id=\"82e360e\" data-element_type=\"widget\" data-e-type=\"widget\" data-widget_type=\"image.default\">\n\t\t\t\t<div class=\"elementor-widget-container\">\n\t\t\t\t\t\t\t\t\t\t\t\t\t\t\t<img loading=\"lazy\" decoding=\"async\" width=\"800\" height=\"91\" src=\"https:\/\/mbpschool.com\/wp-content\/uploads\/2021\/04\/unnamed.png\" class=\"attachment-large size-large wp-image-311005\" alt=\"\" srcset=\"https:\/\/mbpschool.com\/wp-content\/uploads\/2021\/04\/unnamed.png 800w, https:\/\/mbpschool.com\/wp-content\/uploads\/2021\/04\/unnamed-300x34.png 300w, https:\/\/mbpschool.com\/wp-content\/uploads\/2021\/04\/unnamed-768x87.png 768w\" sizes=\"(max-width: 800px) 100vw, 800px\" title=\"\">\t\t\t\t\t\t\t\t\t\t\t\t\t\t\t<\/div>\n\t\t\t\t<\/div>\n\t\t\t\t\t<\/div>\n\t\t<\/div>\n\t\t\t\t\t<\/div>\n\t\t<\/section>\n\t\t\t\t<section class=\"elementor-section elementor-top-section elementor-element elementor-element-ad26751 elementor-section-boxed elementor-section-height-default elementor-section-height-default\" data-id=\"ad26751\" data-element_type=\"section\" data-e-type=\"section\" data-settings=\"{&quot;background_background&quot;:&quot;classic&quot;}\">\n\t\t\t\t\t\t\t<div class=\"elementor-background-overlay\"><\/div>\n\t\t\t\t\t\t\t<div class=\"elementor-container elementor-column-gap-default\">\n\t\t\t\t\t<div class=\"elementor-column elementor-col-100 elementor-top-column elementor-element elementor-element-0bd99e0\" data-id=\"0bd99e0\" data-element_type=\"column\" data-e-type=\"column\">\n\t\t\t<div class=\"elementor-widget-wrap elementor-element-populated\">\n\t\t\t\t\t\t<div class=\"elementor-element elementor-element-18dff97 elementor-widget elementor-widget-text-editor\" data-id=\"18dff97\" data-element_type=\"widget\" data-e-type=\"widget\" data-widget_type=\"text-editor.default\">\n\t\t\t\t<div class=\"elementor-widget-container\">\n\t\t\t\t\t\t\t\t\t<p>\u00a9 Copyright 2020, MBP | <span style=\"color: #ffffff;\"><a style=\"color: #ffffff;\" href=\"https:\/\/mbpschool.com\/aviso-legal-y-privacidad\/\" target=\"_blank\" rel=\"noopener\">Aviso Legal<\/a> | <a style=\"color: #ffffff;\" href=\"https:\/\/mbpschool.com\/politica-de-privacidad-redes-sociales\/\">Pol\u00edtica de privacidad<\/a> | <a style=\"color: #ffffff;\" href=\"https:\/\/mbpschool.com\/politica-de-cookies\/\">Pol\u00edtica de Cookies<\/a><\/span> | <span style=\"color: #ffffff;\"><a style=\"color: #ffffff;\" href=\"https:\/\/lacolmenacreativa.es\/\" target=\"_blank\" rel=\"noopener nofollow\">Dise\u00f1o: La Colmena<\/a><\/span><\/p>\t\t\t\t\t\t\t\t<\/div>\n\t\t\t\t<\/div>\n\t\t\t\t\t<\/div>\n\t\t<\/div>\n\t\t\t\t\t<\/div>\n\t\t<\/section>\n\t\t\t\t<\/div>\n\t\t","protected":false},"excerpt":{"rendered":"<p>MBP SCHOOL OF COACHES REQUEST YOUR FREE TRIAL CLASS HERE! SPECIALIST IN INDIVIDUAL FUNDAMENTALS PER POSITION TRIAL CLASS\u200b Would you like to better understand the game to enhance the individual performance of your players? In this course we analyze more than 90 Individual Fundamentals per Position, so that you obtain the necessary tools to improve [&hellip;]<\/p>\n","protected":false},"author":238,"featured_media":0,"parent":0,"menu_order":0,"comment_status":"closed","ping_status":"closed","template":"elementor_canvas","meta":{"_acf_changed":false,"ocean_post_layout":"","ocean_both_sidebars_style":"","ocean_both_sidebars_content_width":0,"ocean_both_sidebars_sidebars_width":0,"ocean_sidebar":"0","ocean_second_sidebar":"0","ocean_disable_margins":"enable","ocean_add_body_class":"","ocean_shortcode_before_top_bar":"","ocean_shortcode_after_top_bar":"","ocean_shortcode_before_header":"","ocean_shortcode_after_header":"","ocean_has_shortcode":"","ocean_shortcode_after_title":"","ocean_shortcode_before_footer_widgets":"","ocean_shortcode_after_footer_widgets":"","ocean_shortcode_before_footer_bottom":"","ocean_shortcode_after_footer_bottom":"","ocean_display_top_bar":"default","ocean_display_header":"default","ocean_header_style":"","ocean_center_header_left_menu":"0","ocean_custom_header_template":"0","ocean_custom_logo":0,"ocean_custom_retina_logo":0,"ocean_custom_logo_max_width":0,"ocean_custom_logo_tablet_max_width":0,"ocean_custom_logo_mobile_max_width":0,"ocean_custom_logo_max_height":0,"ocean_custom_logo_tablet_max_height":0,"ocean_custom_logo_mobile_max_height":0,"ocean_header_custom_menu":"0","ocean_menu_typo_font_family":"0","ocean_menu_typo_font_subset":"","ocean_menu_typo_font_size":0,"ocean_menu_typo_font_size_tablet":0,"ocean_menu_typo_font_size_mobile":0,"ocean_menu_typo_font_size_unit":"px","ocean_menu_typo_font_weight":"","ocean_menu_typo_font_weight_tablet":"","ocean_menu_typo_font_weight_mobile":"","ocean_menu_typo_transform":"","ocean_menu_typo_transform_tablet":"","ocean_menu_typo_transform_mobile":"","ocean_menu_typo_line_height":0,"ocean_menu_typo_line_height_tablet":0,"ocean_menu_typo_line_height_mobile":0,"ocean_menu_typo_line_height_unit":"","ocean_menu_typo_spacing":0,"ocean_menu_typo_spacing_tablet":0,"ocean_menu_typo_spacing_mobile":0,"ocean_menu_typo_spacing_unit":"","ocean_menu_link_color":"","ocean_menu_link_color_hover":"","ocean_menu_link_color_active":"","ocean_menu_link_background":"","ocean_menu_link_hover_background":"","ocean_menu_link_active_background":"","ocean_menu_social_links_bg":"","ocean_menu_social_hover_links_bg":"","ocean_menu_social_links_color":"","ocean_menu_social_hover_links_color":"","ocean_disable_title":"default","ocean_disable_heading":"default","ocean_post_title":"","ocean_post_subheading":"","ocean_post_title_style":"","ocean_post_title_background_color":"","ocean_post_title_background":0,"ocean_post_title_bg_image_position":"","ocean_post_title_bg_image_attachment":"","ocean_post_title_bg_image_repeat":"","ocean_post_title_bg_image_size":"","ocean_post_title_height":0,"ocean_post_title_bg_overlay":0.5,"ocean_post_title_bg_overlay_color":"","ocean_disable_breadcrumbs":"default","ocean_breadcrumbs_color":"","ocean_breadcrumbs_separator_color":"","ocean_breadcrumbs_links_color":"","ocean_breadcrumbs_links_hover_color":"","ocean_display_footer_widgets":"default","ocean_display_footer_bottom":"default","ocean_custom_footer_template":"0","footnotes":""},"class_list":["post-356718","page","type-page","status-publish","hentry","entry","owp-thumbs-layout-horizontal","owp-btn-normal","owp-tabs-layout-horizontal","has-no-thumbnails","has-product-nav"],"acf":[],"_links":{"self":[{"href":"https:\/\/mbpschool.com\/en\/wp-json\/wp\/v2\/pages\/356718","targetHints":{"allow":["GET"]}}],"collection":[{"href":"https:\/\/mbpschool.com\/en\/wp-json\/wp\/v2\/pages"}],"about":[{"href":"https:\/\/mbpschool.com\/en\/wp-json\/wp\/v2\/types\/page"}],"author":[{"embeddable":true,"href":"https:\/\/mbpschool.com\/en\/wp-json\/wp\/v2\/users\/238"}],"replies":[{"embeddable":true,"href":"https:\/\/mbpschool.com\/en\/wp-json\/wp\/v2\/comments?post=356718"}],"version-history":[{"count":0,"href":"https:\/\/mbpschool.com\/en\/wp-json\/wp\/v2\/pages\/356718\/revisions"}],"wp:attachment":[{"href":"https:\/\/mbpschool.com\/en\/wp-json\/wp\/v2\/media?parent=356718"}],"curies":[{"name":"wp","href":"https:\/\/api.w.org\/{rel}","templated":true}]}}